{"id":24,"date":"2016-01-07T13:17:20","date_gmt":"2016-01-07T12:17:20","guid":{"rendered":"http:\/\/www.christianeeichenberg.de\/wordpress\/?page_id=24"},"modified":"2016-01-11T01:58:04","modified_gmt":"2016-01-11T00:58:04","slug":"impressum","status":"publish","type":"page","link":"http:\/\/www.christianeeichenberg.de\/?page_id=24","title":{"rendered":"Impressum"},"content":{"rendered":"<h2>Angaben gem\u00e4\u00df \u00a7 5&nbsp;<span class=\"caps\">TMG<\/span>:<\/h2>\n<p>Prof. Dr. Chris\u00adtiane Eichen\u00adberg<br>\nSig\u00admund Freud Pri\u00advat\u00adUni\u00adver\u00adsi\u00adt\u00e4t&nbsp;Wien<br>\nFreud\u00adplatz&nbsp;1<br>\nA-1020 Wien<br>\n<a href=\"mailto:kontakt@christianeeichenberg.de\">kontakt@christianeeichenberg.de<\/a><\/p>\n<h2>Verantwortlich f\u00fcr den Inhalt nach \u00a7 55 Abs. 2&nbsp;RStV:<\/h2>\n<p>Prof. Dr. Chris\u00adtiane Eichen\u00adberg<br>\nSig\u00admund Freud Pri\u00advat\u00adUni\u00adver\u00adsi\u00adt\u00e4t&nbsp;Wien<br>\nFreud\u00adplatz&nbsp;1<br>\nA-1020 Wien<\/p>\n<h2>Quellenangaben f\u00fcr die verwendeten Bilder und Grafiken:<\/h2>\n<p><a href=\"http:\/\/www.utb-shop.de\/autoren\/eichenberg-christiane\/einfuhrung-onlineberatung-und-therapie-7837.html\">http:\/\/www.utb-shop.de\/autoren\/eichenberg-christiane\/einfuhrung-onlineberatung-und-therapie-7837.html<\/a><br>\n<a href=\"http:\/\/www.jmir.org\/\">http:\/\/www.jmir.org\/<\/a><br>\n<a href=\"http:\/\/www.flaticon.com\/free-icon\/pub-file-format-symbol_29576\">http:\/\/www.flaticon.com\/free-icon\/pub-file-format-symbol_29576<\/a><\/p>\n<p>Quelle: <a rel=\"nofollow\" href=\"http:\/\/www.e-recht24.de\">http:\/\/www.e-recht24.de<\/a><\/p>\n<h2>Haftungsausschluss (Disclaimer):<\/h2>\n<p style=\"text-align: justify;\"><strong>Haf\u00adtung f\u00fcr Inhalte<\/strong><\/p>\n<p style=\"text-align: justify;\">Als Diens\u00adte\u00adan\u00adbie\u00adter sind wir gem\u00e4\u00df \u00a7 7 Abs.1 <span class=\"caps\">TMG<\/span> f\u00fcr eigene Inhalte auf die\u00adsen Sei\u00adten nach den all\u00adge\u00admei\u00adnen Geset\u00adzen ver\u00adant\u00adwort\u00adlich. Nach \u00a7\u00a7 8 bis 10 <span class=\"caps\">TMG<\/span> sind wir als Diens\u00adte\u00adan\u00adbie\u00adter jedoch nicht ver\u00adpflich\u00adtet, \u00fcber\u00admit\u00adtelte oder gespei\u00adcherte fremde Infor\u00adma\u00adtio\u00adnen zu \u00fcber\u00adwa\u00adchen oder nach Umst\u00e4n\u00adden zu for\u00adschen, die auf eine rechts\u00adwid\u00adrige T\u00e4tig\u00adkeit hin\u00adwei\u00adsen. Ver\u00adpflich\u00adtun\u00adgen zur Ent\u00adfer\u00adnung oder Sper\u00adrung der Nut\u00adzung von Infor\u00adma\u00adtio\u00adnen nach den all\u00adge\u00admei\u00adnen Geset\u00adzen blei\u00adben hier\u00advon unbe\u00adr\u00fchrt. Eine dies\u00adbe\u00adz\u00fcg\u00adli\u00adche Haf\u00adtung ist jedoch erst ab dem Zeit\u00adpunkt der Kennt\u00adnis einer kon\u00adkre\u00adten Rechts\u00adver\u00adlet\u00adzung m\u00f6g\u00adlich. Bei Bekannt\u00adwer\u00adden von ent\u00adspre\u00adchen\u00adden Rechts\u00adver\u00adlet\u00adzun\u00adgen wer\u00adden wir diese Inhalte umge\u00adhend ent\u00adfer\u00adnen.<\/p>\n<p><strong>Haf\u00adtung f\u00fcr&nbsp;Links<\/strong><\/p>\n<p style=\"text-align: justify;\">Unser Ange\u00adbot ent\u00adh\u00e4lt Links zu exter\u00adnen Web\u00adsei\u00adten Drit\u00adter, auf deren Inhalte wir kei\u00adnen Ein\u00adfluss haben. Des\u00adhalb k\u00f6n\u00adnen wir f\u00fcr diese frem\u00adden Inhalte auch keine Gew\u00e4hr \u00fcber\u00adneh\u00admen. F\u00fcr die Inhalte der ver\u00adlink\u00adten Sei\u00adten ist stets der jewei\u00adlige Anbie\u00adter oder Betrei\u00adber der Sei\u00adten ver\u00adant\u00adwort\u00adlich. Die ver\u00adlink\u00adten Sei\u00adten wur\u00adden zum Zeit\u00adpunkt der Ver\u00adlin\u00adkung auf m\u00f6g\u00adli\u00adche Rechts\u00adver\u00adst\u00f6\u00dfe \u00fcber\u00adpr\u00fcft. Rechts\u00adwid\u00adrige Inhalte waren zum Zeit\u00adpunkt der Ver\u00adlin\u00adkung nicht erkenn\u00adbar. Eine per\u00adma\u00adnente inhalt\u00adli\u00adche Kon\u00adtrolle der ver\u00adlink\u00adten Sei\u00adten ist jedoch ohne kon\u00adkrete Anhalts\u00adpunkte einer Rechts\u00adver\u00adlet\u00adzung nicht zumut\u00adbar. Bei Bekannt\u00adwer\u00adden von Rechts\u00adver\u00adlet\u00adzun\u00adgen wer\u00adden wir der\u00adar\u00adtige Links umge\u00adhend ent\u00adfer\u00adnen.<\/p>\n<p><strong>Urhe\u00adber\u00adrecht<\/strong><\/p>\n<p style=\"text-align: justify;\">Die durch die Sei\u00adten\u00adbe\u00adtrei\u00adber erstell\u00adten Inhalte und Werke auf die\u00adsen Sei\u00adten unter\u00adlie\u00adgen dem deut\u00adschen Urhe\u00adber\u00adrecht. Die Ver\u00adviel\u00adf\u00e4l\u00adti\u00adgung, Bear\u00adbei\u00adtung, Ver\u00adbrei\u00adtung und jede Art der Ver\u00adwer\u00adtung au\u00dfer\u00adhalb der Gren\u00adzen des Urhe\u00adber\u00adrech\u00adtes bed\u00fcr\u00adfen der schrift\u00adli\u00adchen Zustim\u00admung des jewei\u00adli\u00adgen Autors bzw. Erstel\u00adlers. Down\u00adloads und Kopien die\u00adser Seite sind nur f\u00fcr den pri\u00adva\u00adten, nicht kom\u00admer\u00adzi\u00adel\u00adlen Gebrauch gestat\u00adtet. Soweit die Inhalte auf die\u00adser Seite nicht vom Betrei\u00adber erstellt wur\u00adden, wer\u00adden die Urhe\u00adber\u00adrechte Drit\u00adter beach\u00adtet. Ins\u00adbe\u00adson\u00addere wer\u00adden Inhalte Drit\u00adter als sol\u00adche gekenn\u00adzeich\u00adnet. Soll\u00adten Sie trotz\u00addem auf eine Urhe\u00adber\u00adrechts\u00adver\u00adlet\u00adzung auf\u00admerk\u00adsam wer\u00adden, bit\u00adten wir um einen ent\u00adspre\u00adchen\u00adden Hin\u00adweis. Bei Bekannt\u00adwer\u00adden von Rechts\u00adver\u00adlet\u00adzun\u00adgen wer\u00adden wir der\u00adar\u00adtige Inhalte umge\u00adhend ent\u00adfer\u00adnen.<\/p>\n<h2><a href=\"http:\/\/www.christianeeichenberg.de\/wordpress\/?page_id=103\">Datenschutzerkl\u00e4rung<\/a><\/h2>\n","protected":false},"excerpt":{"rendered":"<p>Anga\u00adben gem\u00e4\u00df \u00a7 5&nbsp;<span class=\"caps\">TMG<\/span>: Prof. Dr. Chris\u00adtiane Eichen\u00adberg Sig\u00admund Freud Pri\u00advat\u00adUni\u00adver\u00adsi\u00adt\u00e4t&nbsp;Wien Freud\u00adplatz&nbsp;1 A-1020 Wien kontakt@christianeeichenberg.de Ver\u00adant\u00adwort\u00adlich f\u00fcr den Inhalt nach \u00a7 55 Abs. 2&nbsp;RStV: Prof. Dr. Chris\u00adtiane Eichen\u00adberg Sig\u00admund Freud Pri\u00advat\u00adUni\u00adver\u00adsi\u00adt\u00e4t&nbsp;Wien Freud\u00adplatz&nbsp;1 A-1020 Wien Quel\u00adlen\u00adan\u00adga\u00adben f\u00fcr die ver\u00adwen\u00adde\u00adten Bil\u00adder und Gra\u00adfi\u00adken: http:\/\/www.utb-shop.de\/autoren\/eichenberg-christiane\/einfuhrung-onlineberatung-und-therapie-7837.html http:\/\/www.jmir.org\/ http:\/\/www.flaticon.com\/free-icon\/pub-file-format-symbol_29576 Quelle: http:\/\/www.e-recht24.de Haf\u00adtungs\u00adaus\u00adschluss (Dis\u00adclai\u00admer): Haf\u00adtung f\u00fcr Inhalte Als Diens\u00adte\u00adan\u00adbie\u00adter sind wir \u2026 <a href=\"http:\/\/www.christianeeichenberg.de\/?page_id=24\" class=\"more-link\"><span class=\"screen-reader-text\">\u201cImpres\u00adsum\u201d <\/span>wei\u00adter\u00adle\u00adsen<\/a><\/p>\n","protected":false},"author":1,"featured_media":0,"parent":0,"menu_order":0,"comment_status":"closed","ping_status":"closed","template":"","meta":[],"_links":{"self":[{"href":"http:\/\/www.christianeeichenberg.de\/index.php?rest_route=\/wp\/v2\/pages\/24"}],"collection":[{"href":"http:\/\/www.christianeeichenberg.de\/index.php?rest_route=\/wp\/v2\/pages"}],"about":[{"href":"http:\/\/www.christianeeichenberg.de\/index.php?rest_route=\/wp\/v2\/types\/page"}],"author":[{"embeddable":true,"href":"http:\/\/www.christianeeichenberg.de\/index.php?rest_route=\/wp\/v2\/users\/1"}],"replies":[{"embeddable":true,"href":"http:\/\/www.christianeeichenberg.de\/index.php?rest_route=%2Fwp%2Fv2%2Fcomments&post=24"}],"version-history":[{"count":15,"href":"http:\/\/www.christianeeichenberg.de\/index.php?rest_route=\/wp\/v2\/pages\/24\/revisions"}],"predecessor-version":[{"id":198,"href":"http:\/\/www.christianeeichenberg.de\/index.php?rest_route=\/wp\/v2\/pages\/24\/revisions\/198"}],"wp:attachment":[{"href":"http:\/\/www.christianeeichenberg.de\/index.php?rest_route=%2Fwp%2Fv2%2Fmedia&parent=24"}],"curies":[{"name":"wp","href":"https:\/\/api.w.org\/{rel}","templated":true}]}}